{"id":156,"date":"2022-10-08T21:35:49","date_gmt":"2022-10-08T21:35:49","guid":{"rendered":"https:\/\/development-239b70.ingress-daribow.ewp.live\/?page_id=156"},"modified":"2022-10-08T21:35:49","modified_gmt":"2022-10-08T21:35:49","slug":"terms-of-use","status":"publish","type":"page","link":"https:\/\/www.bullshooter.eu\/es\/terms-of-use\/","title":{"rendered":"Terms Of Use"},"content":{"rendered":"<div data-elementor-type=\"wp-post\" data-elementor-id=\"156\" class=\"elementor elementor-156\">\n\t\t\t\t\t\t<section class=\"elementor-section elementor-top-section elementor-element elementor-element-51c858f elementor-section-boxed elementor-section-height-default elementor-section-height-default\" data-id=\"51c858f\" data-element_type=\"section\" data-e-type=\"section\" data-settings=\"{&quot;background_background&quot;:&quot;gradient&quot;}\">\n\t\t\t\t\t\t<div class=\"elementor-container elementor-column-gap-default\">\n\t\t\t\t\t<div class=\"elementor-column elementor-col-100 elementor-top-column elementor-element elementor-element-aee7dde\" data-id=\"aee7dde\" data-element_type=\"column\" data-e-type=\"column\">\n\t\t\t<div class=\"elementor-widget-wrap elementor-element-populated\">\n\t\t\t\t\t\t<div class=\"elementor-element elementor-element-e4a4411 elementor-widget elementor-widget-ekit-nav-menu\" data-id=\"e4a4411\" data-element_type=\"widget\" data-e-type=\"widget\" data-widget_type=\"ekit-nav-menu.default\">\n\t\t\t\t<div class=\"elementor-widget-container\">\n\t\t\t\t\t\t\t<nav class=\"ekit-wid-con ekit_menu_responsive_tablet\"\n\t\t\tdata-hamburger-icon=\"\"\n\t\t\tdata-hamburger-icon-type=\"icon\"\n\t\t\tdata-responsive-breakpoint=\"1024\">\n\t\t\t            <button class=\"elementskit-menu-hamburger elementskit-menu-toggler\"  type=\"button\" aria-label=\"hamburger-icon\">\n                                    <span class=\"elementskit-menu-hamburger-icon\"><\/span><span class=\"elementskit-menu-hamburger-icon\"><\/span><span class=\"elementskit-menu-hamburger-icon\"><\/span>\n                            <\/button>\n            <div id=\"ekit-megamenu-main-menu\" class=\"elementskit-menu-container elementskit-menu-offcanvas-elements elementskit-navbar-nav-default ekit-nav-menu-one-page- ekit-nav-dropdown-hover\"><ul id=\"menu-main-menu\" class=\"elementskit-navbar-nav elementskit-menu-po-center submenu-click-on-icon\"><li id=\"menu-item-759\" class=\"menu-item menu-item-type-post_type menu-item-object-page menu-item-home menu-item-759 nav-item elementskit-mobile-builder-content\" data-vertical-menu=\"750px\"><a href=\"https:\/\/www.bullshooter.eu\/es\/\" class=\"ekit-menu-nav-link\">Local<\/a><\/li>\n<li id=\"menu-item-758\" class=\"menu-item menu-item-type-post_type menu-item-object-page menu-item-758 nav-item elementskit-mobile-builder-content\" data-vertical-menu=\"750px\"><a href=\"https:\/\/www.bullshooter.eu\/es\/about-us\/\" class=\"ekit-menu-nav-link\">Inicio<\/a><\/li>\n<li id=\"menu-item-775\" class=\"menu-item menu-item-type-post_type menu-item-object-post menu-item-has-children menu-item-775 nav-item elementskit-dropdown-has relative_position elementskit-dropdown-menu-default_width elementskit-mobile-builder-content\" data-vertical-menu=\"750px\"><a href=\"https:\/\/www.bullshooter.eu\/es\/next-tournaments\/\" class=\"ekit-menu-nav-link ekit-menu-dropdown-toggle\">Campeonatos<i aria-hidden=\"true\" class=\"icon icon-down-arrow1 elementskit-submenu-indicator\"><\/i><\/a>\n<ul class=\"elementskit-dropdown elementskit-submenu-panel\">\n\t<li id=\"menu-item-776\" class=\"menu-item menu-item-type-post_type menu-item-object-post menu-item-776 nav-item elementskit-mobile-builder-content\" data-vertical-menu=\"750px\"><a href=\"https:\/\/www.bullshooter.eu\/es\/next-tournaments\/\" class=\"dropdown-item\">Pr\u00f3ximos Campeonatos<\/a>\t<li id=\"menu-item-779\" class=\"menu-item menu-item-type-post_type menu-item-object-post menu-item-779 nav-item elementskit-mobile-builder-content\" data-vertical-menu=\"750px\"><a href=\"https:\/\/www.bullshooter.eu\/es\/finished-tournaments\/\" class=\"dropdown-item\">Campeoantos Finalizados<\/a><\/ul>\n<\/li>\n<li id=\"menu-item-780\" class=\"menu-item menu-item-type-post_type menu-item-object-post menu-item-has-children menu-item-780 nav-item elementskit-dropdown-has relative_position elementskit-dropdown-menu-default_width elementskit-mobile-builder-content\" data-vertical-menu=\"750px\"><a href=\"https:\/\/www.bullshooter.eu\/es\/current-league\/\" class=\"ekit-menu-nav-link ekit-menu-dropdown-toggle\">Ligas<i aria-hidden=\"true\" class=\"icon icon-down-arrow1 elementskit-submenu-indicator\"><\/i><\/a>\n<ul class=\"elementskit-dropdown elementskit-submenu-panel\">\n\t<li id=\"menu-item-781\" class=\"menu-item menu-item-type-post_type menu-item-object-post menu-item-781 nav-item elementskit-mobile-builder-content\" data-vertical-menu=\"750px\"><a href=\"https:\/\/www.bullshooter.eu\/es\/current-league\/\" class=\"dropdown-item\">Liga Actual<\/a>\t<li id=\"menu-item-1681\" class=\"menu-item menu-item-type-post_type menu-item-object-post menu-item-1681 nav-item elementskit-mobile-builder-content\" data-vertical-menu=\"750px\"><a href=\"https:\/\/www.bullshooter.eu\/es\/finished-league\/\" class=\"dropdown-item\">Finished League<\/a><\/ul>\n<\/li>\n<li id=\"menu-item-764\" class=\"menu-item menu-item-type-post_type menu-item-object-post menu-item-has-children menu-item-764 nav-item elementskit-dropdown-has relative_position elementskit-dropdown-menu-default_width elementskit-mobile-builder-content\" data-vertical-menu=\"750px\"><a href=\"https:\/\/www.bullshooter.eu\/es\/current-vrs\/\" class=\"ekit-menu-nav-link ekit-menu-dropdown-toggle\">Virtual VRS<i aria-hidden=\"true\" class=\"icon icon-down-arrow1 elementskit-submenu-indicator\"><\/i><\/a>\n<ul class=\"elementskit-dropdown elementskit-submenu-panel\">\n\t<li id=\"menu-item-767\" class=\"menu-item menu-item-type-post_type menu-item-object-post menu-item-767 nav-item elementskit-mobile-builder-content\" data-vertical-menu=\"750px\"><a href=\"https:\/\/www.bullshooter.eu\/es\/current-vrs\/\" class=\"dropdown-item\">VRS ACTUAL<\/a>\t<li id=\"menu-item-765\" class=\"menu-item menu-item-type-post_type menu-item-object-post menu-item-765 nav-item elementskit-mobile-builder-content\" data-vertical-menu=\"750px\"><a href=\"https:\/\/www.bullshooter.eu\/es\/finished-vrs\/\" class=\"dropdown-item\">VRS Finalizados<\/a><\/ul>\n<\/li>\n<li id=\"menu-item-513\" class=\"menu-item menu-item-type-custom menu-item-object-custom menu-item-has-children menu-item-513 nav-item elementskit-dropdown-has relative_position elementskit-dropdown-menu-default_width elementskit-mobile-builder-content\" data-vertical-menu=\"750px\"><a class=\"ekit-menu-nav-link ekit-menu-dropdown-toggle\">Enlaces y Descargas<i aria-hidden=\"true\" class=\"icon icon-down-arrow1 elementskit-submenu-indicator\"><\/i><\/a>\n<ul class=\"elementskit-dropdown elementskit-submenu-panel\">\n\t<li id=\"menu-item-514\" class=\"menu-item menu-item-type-custom menu-item-object-custom menu-item-514 nav-item elementskit-mobile-builder-content\" data-vertical-menu=\"750px\"><a href=\"https:\/\/www.bullshooter.com\/\" class=\"dropdown-item\">BullShooter.com<\/a>\t<li id=\"menu-item-516\" class=\"menu-item menu-item-type-custom menu-item-object-custom menu-item-516 nav-item elementskit-mobile-builder-content\" data-vertical-menu=\"750px\"><a href=\"http:\/\/www.bullshooterlive.com\/\" class=\"dropdown-item\">BullShooter Live<\/a>\t<li id=\"menu-item-517\" class=\"menu-item menu-item-type-custom menu-item-object-custom menu-item-517 nav-item elementskit-mobile-builder-content\" data-vertical-menu=\"750px\"><a href=\"https:\/\/www.facebook.com\/BullshooterEuropeDarts?ref=bookmarks\" class=\"dropdown-item\">BullShooter EU Facebook<\/a>\t<li id=\"menu-item-518\" class=\"menu-item menu-item-type-custom menu-item-object-custom menu-item-518 nav-item elementskit-mobile-builder-content\" data-vertical-menu=\"750px\"><a href=\"http:\/\/VRS%202021%20regulation\" class=\"dropdown-item\">VRS 2021 regulation<\/a><\/ul>\n<\/li>\n<li id=\"menu-item-760\" class=\"menu-item menu-item-type-post_type menu-item-object-page menu-item-760 nav-item elementskit-mobile-builder-content\" data-vertical-menu=\"750px\"><a href=\"https:\/\/www.bullshooter.eu\/es\/contact-us\/\" class=\"ekit-menu-nav-link\">Contacta con nosotros<\/a><\/li>\n<\/ul><div class=\"elementskit-nav-identity-panel\"><button class=\"elementskit-menu-close elementskit-menu-toggler\" type=\"button\">X<\/button><\/div><\/div>\n\t\t\t<div class=\"elementskit-menu-overlay elementskit-menu-offcanvas-elements elementskit-menu-toggler ekit-nav-menu--overlay\"><\/div>        <\/nav>\n\t\t\t\t\t\t<\/div>\n\t\t\t\t<\/div>\n\t\t\t\t\t<\/div>\n\t\t<\/div>\n\t\t\t\t\t<\/div>\n\t\t<\/section>\n\t\t\t\t<section class=\"elementor-section elementor-top-section elementor-element elementor-element-1f4602e elementor-section-boxed elementor-section-height-default elementor-section-height-default\" data-id=\"1f4602e\" data-element_type=\"section\" data-e-type=\"section\">\n\t\t\t\t\t\t<div class=\"elementor-container elementor-column-gap-default\">\n\t\t\t\t\t<div class=\"elementor-column elementor-col-100 elementor-top-column elementor-element elementor-element-3dd98ce\" data-id=\"3dd98ce\" data-element_type=\"column\" data-e-type=\"column\">\n\t\t\t<div class=\"elementor-widget-wrap elementor-element-populated\">\n\t\t\t\t\t\t<div class=\"elementor-element elementor-element-8377ff9 elementor-widget elementor-widget-text-editor\" data-id=\"8377ff9\" data-element_type=\"widget\" data-e-type=\"widget\" data-widget_type=\"text-editor.default\">\n\t\t\t\t<div class=\"elementor-widget-container\">\n\t\t\t\t\t\t\t\t\t<h2 class=\"titolContingut\">Terms of use<\/h2><p>The use of this digital publication (web site) implies the acceptance of the following conditions of use:<\/p><p>The digital publication (web site) belonging to the ASSOCIACI\u00d3 ESPORTIVA BULL-SHOOTER aims in general to assist clients interested in the services, special promotions, prices and products etc offered by ASSOCIACI\u00d3 ESPORTIVA BULL-SHOOTER<\/p><p>ASSOCIACI\u00d3 ESPORTIVA BULL-SHOOTER can change or remove (temporarily or permanently) the web site (or any part of it) without notice to users and users confirm that ASSOCIACI\u00d3 ESPORTIVA BULL-SHOOTER shall not be liable to users for any such change or removal. ASSOCIACI\u00d3 ESPORTIVA BULL-SHOOTER can also suspend or prevent access without giving prior notice. ASSOCIACI\u00d3 ESPORTIVA BULL-SHOOTER cannot guarantee uninterrupted and totally reliable access to the Web site, and so therefore can not guarantee that the information will always be completely up to date and free of mistakes.<\/p><p>ASSOCIACI\u00d3 ESPORTIVA BULL-SHOOTER cannot be held responsible for any links or the contents of these links which are referred to on the web site We may provide links to other web sites or resources from time to time. ASSOCIACI\u00d3 ESPORTIVA BULL-SHOOTER will not be responsible or liable to user for any loss of material uploaded or transmitted through the links.<\/p><p>ASSOCIACI\u00d3 ESPORTIVA BULL-SHOOTER cannot be held responsible for any damage or losses incurred or sustained by users who transmit information by means of e-mail or other internet link or who use the software \/ hardware contained within the web site. Any losses shall be borne solely and exclusively by such user and in no event shall any such losses in whole or part be borne by ASSOCIACI\u00d3 ESPORTIVA BULL-SHOOTER<\/p><p>ASSOCIACI\u00d3 ESPORTIVA BULL-SHOOTER is the sole owner of the rights to its digital publication (web site) software as well as industrial ownership rights and intellectual property rights of any information held in the site, except those products or services which are public and are therefore not owned by the association. All brand names, product and service names and titles and copyrights used in this site are trademarks.<\/p><p>ASSOCIACI\u00d3 ESPORTIVA BULL-SHOOTER will scrupulously respect at all times the confidentiality of any personal data given by visitors to the digital publication (web page) in accordance with the regulations set out by Llei Org\u00e0nica 15\/1999 of 13th December, Data Protection Act (Protecci\u00f3 de Dades de Car\u00e0cter Personal) which specifies amongst other things the protection of personal data.<\/p><p>A message via e-mail is not considered to be a valid method of making a complaint. If a complaint is made, one must contact customer services department to find out the correct procedure to follow.<\/p><p>All the information (eg comments, suggestions and ideas) which the web page generates becomes property of ASSOCIACI\u00d3 ESPORTIVA BULL-SHOOTER . Please do not send anything that cannot be used in this way.<\/p><p>All brand names, product names and titles used in this site which do not belong to the ASSOCIACI\u00d3 ESPORTIVA BULL-SHOOTER are trademarks or trade names of their respective holders and are accepted as such by ASSOCIACI\u00d3 ESPORTIVA BULL-SHOOTER . They appear in the digital publication (web site) with the aim of generating publicity and collecting data. Owners can at any time demand the change or removal of this information. Any other use of material on this site without ASSOCIACI\u00d3 ESPORTIVA BULL-SHOOTER prior written consent is strictly prohibited.<\/p>\t\t\t\t\t\t\t\t<\/div>\n\t\t\t\t<\/div>\n\t\t\t\t\t<\/div>\n\t\t<\/div>\n\t\t\t\t\t<\/div>\n\t\t<\/section>\n\t\t\t\t<section class=\"elementor-section elementor-top-section elementor-element elementor-element-663b63c6 elementor-section-content-middle elementor-section-boxed elementor-section-height-default elementor-section-height-default\" data-id=\"663b63c6\" data-element_type=\"section\" data-e-type=\"section\" data-settings=\"{&quot;background_background&quot;:&quot;gradient&quot;}\">\n\t\t\t\t\t\t<div class=\"elementor-container elementor-column-gap-no\">\n\t\t\t\t\t<div class=\"elementor-column elementor-col-100 elementor-top-column elementor-element elementor-element-7f985312\" data-id=\"7f985312\" data-element_type=\"column\" data-e-type=\"column\">\n\t\t\t<div class=\"elementor-widget-wrap elementor-element-populated\">\n\t\t\t\t\t\t<div class=\"elementor-element elementor-element-ab3c8e9 elementor-widget elementor-widget-heading\" data-id=\"ab3c8e9\" data-element_type=\"widget\" data-e-type=\"widget\" data-widget_type=\"heading.default\">\n\t\t\t\t<div class=\"elementor-widget-container\">\n\t\t\t\t\t<h4 class=\"elementor-heading-title elementor-size-default\">Aseg\u00farate de seguirnos en nuestras redes sociales para conocer las \u00faltimas novedades y los resultados en tiempo real.<\/h4>\t\t\t\t<\/div>\n\t\t\t\t<\/div>\n\t\t\t\t<div class=\"elementor-element elementor-element-a0a0f60 elementor-widget elementor-widget-elementskit-social-media\" data-id=\"a0a0f60\" data-element_type=\"widget\" data-e-type=\"widget\" data-widget_type=\"elementskit-social-media.default\">\n\t\t\t\t<div class=\"elementor-widget-container\">\n\t\t\t\t\t<div class=\"ekit-wid-con\" >\t\t\t <ul class=\"ekit_social_media\">\n\t\t\t\t\t\t\t\t\t\t\t\t\t\t<li class=\"elementor-repeater-item-9d5d6d3\">\n\t\t\t\t\t    <a\n\t\t\t\t\t\thref=\"https:\/\/facebook.com\" aria-label=\"Facebook\" class=\"facebook\" >\n\t\t\t\t\t\t\t\n\t\t\t\t\t\t\t<i aria-hidden=\"true\" class=\"icon icon-facebook\"><\/i>\n                                                                                                            <\/a>\n                    <\/li>\n                    \t\t\t\t\t\t\t\t\t\t\t\t\t\t<li class=\"elementor-repeater-item-c116d7f\">\n\t\t\t\t\t    <a\n\t\t\t\t\t\thref=\"https:\/\/facebook.com\" aria-label=\"Twitter\" class=\"twitter\" >\n\t\t\t\t\t\t\t\n\t\t\t\t\t\t\t<i aria-hidden=\"true\" class=\"icon icon-twitter\"><\/i>\n                                                                                                            <\/a>\n                    <\/li>\n                    \t\t\t\t\t\t\t\t\t\t\t\t\t\t<li class=\"elementor-repeater-item-d6eeac1\">\n\t\t\t\t\t    <a\n\t\t\t\t\t\thref=\"https:\/\/facebook.com\" aria-label=\"Instagram\" class=\"instagram\" >\n\t\t\t\t\t\t\t\n\t\t\t\t\t\t\t<i aria-hidden=\"true\" class=\"fab fa-instagram\"><\/i>\n                                                                                                            <\/a>\n                    <\/li>\n                    \t\t\t\t\t\t\t\t\t\t\t\t\t\t<li class=\"elementor-repeater-item-a253256\">\n\t\t\t\t\t    <a\n\t\t\t\t\t\thref=\"https:\/\/facebook.com\" aria-label=\"Youtube\" class=\"youtube\" >\n\t\t\t\t\t\t\t\n\t\t\t\t\t\t\t<i aria-hidden=\"true\" class=\"fab fa-youtube\"><\/i>\n                                                                                                            <\/a>\n                    <\/li>\n                    \t\t\t\t\t\t\t<\/ul>\n\t\t<\/div>\t\t\t\t<\/div>\n\t\t\t\t<\/div>\n\t\t\t\t\t<\/div>\n\t\t<\/div>\n\t\t\t\t\t<\/div>\n\t\t<\/section>\n\t\t\t\t<\/div>","protected":false},"excerpt":{"rendered":"<p>Home About Us Championship Tournaments Next Tournaments Finished Tournaments Salon De La Fama Leagues Actual Leagues Upcoming Leagues Finished Leagues Virtual VRS Current VRS Upcoming VRS Finished VRS Official Gear LInks \/ Downloads Contact Us X Terms of use The use of this digital publication (web site) implies the acceptance of the following conditions of [&hellip;]<\/p>\n","protected":false},"author":1,"featured_media":0,"parent":0,"menu_order":0,"comment_status":"closed","ping_status":"closed","template":"elementor_header_footer","meta":{"nf_dc_page":"","om_disable_all_campaigns":false,"footnotes":""},"class_list":["post-156","page","type-page","status-publish","hentry"],"yoast_head":"<!-- This site is optimized with the Yoast SEO plugin v27.4 - https:\/\/yoast.com\/product\/yoast-seo-wordpress\/ -->\n<title>Terms Of Use - Bullshooter Europe<\/title>\n<meta name=\"robots\" content=\"index, follow, max-snippet:-1, max-image-preview:large, max-video-preview:-1\" \/>\n<link rel=\"canonical\" href=\"https:\/\/www.bullshooter.eu\/es\/terms-of-use\/\" \/>\n<meta property=\"og:locale\" content=\"es_ES\" \/>\n<meta property=\"og:type\" content=\"article\" \/>\n<meta property=\"og:title\" content=\"Terms Of Use - Bullshooter Europe\" \/>\n<meta property=\"og:description\" content=\"Home About Us Championship Tournaments Next Tournaments Finished Tournaments Salon De La Fama Leagues Actual Leagues Upcoming Leagues Finished Leagues Virtual VRS Current VRS Upcoming VRS Finished VRS Official Gear LInks \/ Downloads Contact Us X Terms of use The use of this digital publication (web site) implies the acceptance of the following conditions of [&hellip;]\" \/>\n<meta property=\"og:url\" content=\"https:\/\/www.bullshooter.eu\/es\/terms-of-use\/\" \/>\n<meta property=\"og:site_name\" content=\"Bullshooter Europe\" \/>\n<meta name=\"twitter:card\" content=\"summary_large_image\" \/>\n<meta name=\"twitter:label1\" content=\"Tiempo de lectura\" \/>\n\t<meta name=\"twitter:data1\" content=\"3 minutos\" \/>\n<script type=\"application\/ld+json\" class=\"yoast-schema-graph\">{\"@context\":\"https:\\\/\\\/schema.org\",\"@graph\":[{\"@type\":\"WebPage\",\"@id\":\"https:\\\/\\\/www.bullshooter.eu\\\/terms-of-use\\\/\",\"url\":\"https:\\\/\\\/www.bullshooter.eu\\\/terms-of-use\\\/\",\"name\":\"Terms Of Use - Bullshooter Europe\",\"isPartOf\":{\"@id\":\"https:\\\/\\\/www.bullshooter.eu\\\/#website\"},\"datePublished\":\"2022-10-08T21:35:49+00:00\",\"breadcrumb\":{\"@id\":\"https:\\\/\\\/www.bullshooter.eu\\\/terms-of-use\\\/#breadcrumb\"},\"inLanguage\":\"es\",\"potentialAction\":[{\"@type\":\"ReadAction\",\"target\":[\"https:\\\/\\\/www.bullshooter.eu\\\/terms-of-use\\\/\"]}]},{\"@type\":\"BreadcrumbList\",\"@id\":\"https:\\\/\\\/www.bullshooter.eu\\\/terms-of-use\\\/#breadcrumb\",\"itemListElement\":[{\"@type\":\"ListItem\",\"position\":1,\"name\":\"Home\",\"item\":\"https:\\\/\\\/www.bullshooter.eu\\\/\"},{\"@type\":\"ListItem\",\"position\":2,\"name\":\"Terms Of Use\"}]},{\"@type\":\"WebSite\",\"@id\":\"https:\\\/\\\/www.bullshooter.eu\\\/#website\",\"url\":\"https:\\\/\\\/www.bullshooter.eu\\\/\",\"name\":\"Bullshooter Europe\",\"description\":\"\",\"publisher\":{\"@id\":\"https:\\\/\\\/www.bullshooter.eu\\\/#organization\"},\"potentialAction\":[{\"@type\":\"SearchAction\",\"target\":{\"@type\":\"EntryPoint\",\"urlTemplate\":\"https:\\\/\\\/www.bullshooter.eu\\\/?s={search_term_string}\"},\"query-input\":{\"@type\":\"PropertyValueSpecification\",\"valueRequired\":true,\"valueName\":\"search_term_string\"}}],\"inLanguage\":\"es\"},{\"@type\":\"Organization\",\"@id\":\"https:\\\/\\\/www.bullshooter.eu\\\/#organization\",\"name\":\"Bullshooter Europe\",\"url\":\"https:\\\/\\\/www.bullshooter.eu\\\/\",\"logo\":{\"@type\":\"ImageObject\",\"inLanguage\":\"es\",\"@id\":\"https:\\\/\\\/www.bullshooter.eu\\\/#\\\/schema\\\/logo\\\/image\\\/\",\"url\":\"https:\\\/\\\/i0.wp.com\\\/www.bullshooter.eu\\\/wp-content\\\/uploads\\\/2022\\\/09\\\/cropped-cropped-logo-bullshooter-europe.png?fit=469%2C143&ssl=1\",\"contentUrl\":\"https:\\\/\\\/i0.wp.com\\\/www.bullshooter.eu\\\/wp-content\\\/uploads\\\/2022\\\/09\\\/cropped-cropped-logo-bullshooter-europe.png?fit=469%2C143&ssl=1\",\"width\":469,\"height\":143,\"caption\":\"Bullshooter Europe\"},\"image\":{\"@id\":\"https:\\\/\\\/www.bullshooter.eu\\\/#\\\/schema\\\/logo\\\/image\\\/\"}}]}<\/script>\n<!-- \/ Yoast SEO plugin. -->","yoast_head_json":{"title":"Terms Of Use - Bullshooter Europe","robots":{"index":"index","follow":"follow","max-snippet":"max-snippet:-1","max-image-preview":"max-image-preview:large","max-video-preview":"max-video-preview:-1"},"canonical":"https:\/\/www.bullshooter.eu\/es\/terms-of-use\/","og_locale":"es_ES","og_type":"article","og_title":"Terms Of Use - Bullshooter Europe","og_description":"Home About Us Championship Tournaments Next Tournaments Finished Tournaments Salon De La Fama Leagues Actual Leagues Upcoming Leagues Finished Leagues Virtual VRS Current VRS Upcoming VRS Finished VRS Official Gear LInks \/ Downloads Contact Us X Terms of use The use of this digital publication (web site) implies the acceptance of the following conditions of [&hellip;]","og_url":"https:\/\/www.bullshooter.eu\/es\/terms-of-use\/","og_site_name":"Bullshooter Europe","twitter_card":"summary_large_image","twitter_misc":{"Tiempo de lectura":"3 minutos"},"schema":{"@context":"https:\/\/schema.org","@graph":[{"@type":"WebPage","@id":"https:\/\/www.bullshooter.eu\/terms-of-use\/","url":"https:\/\/www.bullshooter.eu\/terms-of-use\/","name":"Terms Of Use - Bullshooter Europe","isPartOf":{"@id":"https:\/\/www.bullshooter.eu\/#website"},"datePublished":"2022-10-08T21:35:49+00:00","breadcrumb":{"@id":"https:\/\/www.bullshooter.eu\/terms-of-use\/#breadcrumb"},"inLanguage":"es","potentialAction":[{"@type":"ReadAction","target":["https:\/\/www.bullshooter.eu\/terms-of-use\/"]}]},{"@type":"BreadcrumbList","@id":"https:\/\/www.bullshooter.eu\/terms-of-use\/#breadcrumb","itemListElement":[{"@type":"ListItem","position":1,"name":"Home","item":"https:\/\/www.bullshooter.eu\/"},{"@type":"ListItem","position":2,"name":"Terms Of Use"}]},{"@type":"WebSite","@id":"https:\/\/www.bullshooter.eu\/#website","url":"https:\/\/www.bullshooter.eu\/","name":"Bullshooter Europe","description":"","publisher":{"@id":"https:\/\/www.bullshooter.eu\/#organization"},"potentialAction":[{"@type":"SearchAction","target":{"@type":"EntryPoint","urlTemplate":"https:\/\/www.bullshooter.eu\/?s={search_term_string}"},"query-input":{"@type":"PropertyValueSpecification","valueRequired":true,"valueName":"search_term_string"}}],"inLanguage":"es"},{"@type":"Organization","@id":"https:\/\/www.bullshooter.eu\/#organization","name":"Bullshooter Europe","url":"https:\/\/www.bullshooter.eu\/","logo":{"@type":"ImageObject","inLanguage":"es","@id":"https:\/\/www.bullshooter.eu\/#\/schema\/logo\/image\/","url":"https:\/\/i0.wp.com\/www.bullshooter.eu\/wp-content\/uploads\/2022\/09\/cropped-cropped-logo-bullshooter-europe.png?fit=469%2C143&ssl=1","contentUrl":"https:\/\/i0.wp.com\/www.bullshooter.eu\/wp-content\/uploads\/2022\/09\/cropped-cropped-logo-bullshooter-europe.png?fit=469%2C143&ssl=1","width":469,"height":143,"caption":"Bullshooter Europe"},"image":{"@id":"https:\/\/www.bullshooter.eu\/#\/schema\/logo\/image\/"}}]}},"jetpack_sharing_enabled":true,"_links":{"self":[{"href":"https:\/\/www.bullshooter.eu\/es\/wp-json\/wp\/v2\/pages\/156","targetHints":{"allow":["GET"]}}],"collection":[{"href":"https:\/\/www.bullshooter.eu\/es\/wp-json\/wp\/v2\/pages"}],"about":[{"href":"https:\/\/www.bullshooter.eu\/es\/wp-json\/wp\/v2\/types\/page"}],"author":[{"embeddable":true,"href":"https:\/\/www.bullshooter.eu\/es\/wp-json\/wp\/v2\/users\/1"}],"replies":[{"embeddable":true,"href":"https:\/\/www.bullshooter.eu\/es\/wp-json\/wp\/v2\/comments?post=156"}],"version-history":[{"count":0,"href":"https:\/\/www.bullshooter.eu\/es\/wp-json\/wp\/v2\/pages\/156\/revisions"}],"wp:attachment":[{"href":"https:\/\/www.bullshooter.eu\/es\/wp-json\/wp\/v2\/media?parent=156"}],"curies":[{"name":"wp","href":"https:\/\/api.w.org\/{rel}","templated":true}]}}